{"id":14920,"date":"2022-02-11T09:51:35","date_gmt":"2022-02-11T14:51:35","guid":{"rendered":"https:\/\/uticaboilers.com\/documents-pour-le-proprietaire\/garantie\/"},"modified":"2022-08-06T10:29:38","modified_gmt":"2022-08-06T14:29:38","slug":"garantie","status":"publish","type":"page","link":"https:\/\/uticaboilers.com\/fr-ca\/documents-pour-le-proprietaire\/garantie\/","title":{"rendered":"Garantie"},"content":{"rendered":"\n<div style=\"height:5px\" aria-hidden=\"true\" class=\"wp-block-spacer\"><\/div>\n\n<h2 class=\"wp-block-heading\" id=\"at-utica-boilers-we-stand-by-our-products-that-s-why-we-back-up-all-of-our-boilers-with-coverage-through-our-manufacturer-s-warranties-our-warranty-coverage-gives-you-peace-of-mind-about-every-boiler-you-purchase\">Chez Utica Boilers, nous garantissons la qualit\u00e9 de nos produits. <\/h2>\n\n<p id=\"at-utica-boilers-we-stand-by-our-products-that-s-why-we-back-up-all-of-our-boilers-with-coverage-through-our-manufacturer-s-warranties-our-warranty-coverage-gives-you-peace-of-mind-about-every-boiler-you-purchase\">Pour cette raison tous nos chaudi\u00e8res sont appuy\u00e9es pas une garantie du manufacturier. Gr\u00e2ce \u00e0 la protection de nos garanties, vous pouvez acqu\u00e9rir une de nos chaudi\u00e8res en toute qui\u00e9tude. <\/p>\n\n<p>Si vous faites l\u2019acquisitions d\u2019une chaudi\u00e8re Utica Boiler, veuillez SVP enregistrer votre achat. Quelques-unes de nos chaudi\u00e8res \u00e0 condensation b\u00e9n\u00e9ficient d\u2019une protection accrue lorsque vous l\u2019enregistrez aupr\u00e8s de nous. Assurez-vous donc de nous acheminez l\u2019information relative en suivant <a href=\"https:\/\/warranty.ecrinternational.com\/\">ce lien<\/a>. Vous y trouverez \u00e9galement de l\u2019information au sujet de nos garanties prolong\u00e9s. Nous vous encourageons d\u2019en prendre connaissance, car elles prolongent la p\u00e9riode de couverture, pour les pi\u00e8ces et la main-d&rsquo;\u0153uvre, de la garantie du manufacturier. Chez Utica Boilers, nous avons forg\u00e9 une alliance avec Trinity Warranty, un des principaux fournisseurs de garanties prolong\u00e9es dans l\u2019industrie du HVAC. Nous voulions vous offrir la possibilit\u00e9 de prolonger la couverture de votre \u00e9quipement pour une dur\u00e9e de 5 \u00e0 10 ans \u00e0 compter de la date d\u2019acquisition. Avec nos garanties prolong\u00e9es, vous b\u00e9n\u00e9ficierez de la tranquillit\u00e9 d\u2019esprit pendant de longues ann\u00e9es. <\/p>\n\t\t<a class=\"btn btn-primary-outline \"\n\t\t\thref=\"https:\/\/warranty.ecrinternational.com\/\"\n\t\t\t\ttarget=\"_blank\" >\n\t\t\tEnregistrez votre garantie<i class=\"ms-2 fas fa-chevron-right\" ><\/i>\t\t<\/a>\n\t\n<div style=\"height:1px\" aria-hidden=\"true\" class=\"wp-block-spacer\"><\/div>\n\n<h2 class=\"wp-block-heading\">Questions au sujet de votre garantie? <\/h2>\n\n<p>Parlez \u00e0 un membre de notre \u00e9quipe du service \u00e0 client\u00e8le d\u00e9vou\u00e9. <\/p>\n\n<p>Appelez sans frais au <a href=\"tel:866.847.6656\">(866) 847-6656 <\/a><br\/>\u00c9crivez nous au <a href=\"mailto:customer_service_@ecrinternational.com\">customer_service_@ecrinternational.com<\/a><\/p>\n\n<div style=\"height:50px\" aria-hidden=\"true\" class=\"wp-block-spacer\"><\/div>\n","protected":false},"excerpt":{"rendered":"<p>Chez Utica Boilers, nous garantissons la qualit\u00e9 de nos produits. Pour cette raison tous nos chaudi\u00e8res sont appuy\u00e9es pas une garantie du manufacturier. Gr\u00e2ce \u00e0 la protection de nos garanties, vous pouvez acqu\u00e9rir une de nos chaudi\u00e8res en toute qui\u00e9tude. Si vous faites l\u2019acquisitions d\u2019une chaudi\u00e8re Utica Boiler, veuillez SVP enregistrer votre achat. Quelques-unes de [&hellip;]<\/p>\n","protected":false},"author":1,"featured_media":0,"parent":14906,"menu_order":0,"comment_status":"closed","ping_status":"closed","template":"","meta":{"_acf_changed":false,"footnotes":""},"class_list":{"0":"post-14920","1":"page","2":"type-page","3":"status-publish","5":"nebula-entry","6":"date-day-vendredi","7":"date-ymd-2022-02-11","8":"date-month-f\u00e9vrier","9":"author-id-1","10":"multi-author"},"acf":[],"yoast_head":"<!-- This site is optimized with the Yoast SEO plugin v22.1 - https:\/\/yoast.com\/wordpress\/plugins\/seo\/ -->\n<title>Garantie - Utica Boilers<\/title>\n<meta name=\"description\" content=\"Chez Utica Boilers, nous garantissons la qualit\u00e9 de nos produits.   Pour cette raison tous nos chaudi\u00e8res sont appuy\u00e9es pas une garantie du manufacturier.\" \/>\n<meta name=\"robots\" content=\"index, follow, max-snippet:-1, max-image-preview:large, max-video-preview:-1\" \/>\n<link rel=\"canonical\" href=\"https:\/\/uticaboilers.com\/fr-ca\/documents-pour-le-proprietaire\/garantie\/\" \/>\n<meta property=\"og:locale\" content=\"fr_CA\" \/>\n<meta property=\"og:type\" content=\"article\" \/>\n<meta property=\"og:title\" content=\"Garantie - Utica Boilers\" \/>\n<meta property=\"og:description\" content=\"Chez Utica Boilers, nous garantissons la qualit\u00e9 de nos produits. Pour cette raison tous nos chaudi\u00e8res sont appuy\u00e9es pas une garantie du manufacturier. Gr\u00e2ce \u00e0 la protection de nos garanties, vous pouvez acqu\u00e9rir une de nos chaudi\u00e8res en toute qui\u00e9tude. Si vous faites l\u2019acquisitions d\u2019une chaudi\u00e8re Utica Boiler, veuillez SVP enregistrer votre achat. Quelques-unes de [&hellip;]\" \/>\n<meta property=\"og:url\" content=\"https:\/\/uticaboilers.com\/fr-ca\/documents-pour-le-proprietaire\/garantie\/\" \/>\n<meta property=\"og:site_name\" content=\"Utica Boilers\" \/>\n<meta property=\"article:modified_time\" content=\"2022-08-06T14:29:38+00:00\" \/>\n<meta name=\"twitter:card\" content=\"summary_large_image\" \/>\n<meta name=\"twitter:label1\" content=\"Estimation du temps de lecture\" \/>\n\t<meta name=\"twitter:data1\" content=\"1 minute\" \/>\n<script type=\"application\/ld+json\" class=\"yoast-schema-graph\">{\"@context\":\"https:\/\/schema.org\",\"@graph\":[{\"@type\":\"WebPage\",\"@id\":\"https:\/\/uticaboilers.com\/fr-ca\/documents-pour-le-proprietaire\/garantie\/\",\"url\":\"https:\/\/uticaboilers.com\/fr-ca\/documents-pour-le-proprietaire\/garantie\/\",\"name\":\"Garantie - Utica Boilers\",\"isPartOf\":{\"@id\":\"https:\/\/uticaboilers.com\/fr-ca\/#website\"},\"datePublished\":\"2022-02-11T14:51:35+00:00\",\"dateModified\":\"2022-08-06T14:29:38+00:00\",\"breadcrumb\":{\"@id\":\"https:\/\/uticaboilers.com\/fr-ca\/documents-pour-le-proprietaire\/garantie\/#breadcrumb\"},\"inLanguage\":\"fr-CA\",\"potentialAction\":[{\"@type\":\"ReadAction\",\"target\":[\"https:\/\/uticaboilers.com\/fr-ca\/documents-pour-le-proprietaire\/garantie\/\"]}]},{\"@type\":\"BreadcrumbList\",\"@id\":\"https:\/\/uticaboilers.com\/fr-ca\/documents-pour-le-proprietaire\/garantie\/#breadcrumb\",\"itemListElement\":[{\"@type\":\"ListItem\",\"position\":1,\"name\":\"Documents pour le propri\u00e9taire\",\"item\":\"https:\/\/uticaboilers.com\/fr-ca\/documents-pour-le-proprietaire\/\"},{\"@type\":\"ListItem\",\"position\":2,\"name\":\"Garantie\"}]},{\"@type\":\"WebSite\",\"@id\":\"https:\/\/uticaboilers.com\/fr-ca\/#website\",\"url\":\"https:\/\/uticaboilers.com\/fr-ca\/\",\"name\":\"Utica Boilers\",\"description\":\"\",\"publisher\":{\"@id\":\"https:\/\/uticaboilers.com\/fr-ca\/#organization\"},\"potentialAction\":[{\"@type\":\"SearchAction\",\"target\":{\"@type\":\"EntryPoint\",\"urlTemplate\":\"https:\/\/uticaboilers.com\/fr-ca\/?s={search_term_string}\"},\"query-input\":\"required name=search_term_string\"}],\"inLanguage\":\"fr-CA\"},{\"@type\":\"Organization\",\"@id\":\"https:\/\/uticaboilers.com\/fr-ca\/#organization\",\"name\":\"Utica Boilers\",\"url\":\"https:\/\/uticaboilers.com\/fr-ca\/\",\"logo\":{\"@type\":\"ImageObject\",\"inLanguage\":\"fr-CA\",\"@id\":\"https:\/\/uticaboilers.com\/fr-ca\/#\/schema\/logo\/image\/\",\"url\":\"https:\/\/uticaboilers.com\/wp-content\/uploads\/2022\/04\/Utica-Boilers-Logo-2020.svg\",\"contentUrl\":\"https:\/\/uticaboilers.com\/wp-content\/uploads\/2022\/04\/Utica-Boilers-Logo-2020.svg\",\"caption\":\"Utica Boilers\"},\"image\":{\"@id\":\"https:\/\/uticaboilers.com\/fr-ca\/#\/schema\/logo\/image\/\"}}]}<\/script>\n<!-- \/ Yoast SEO plugin. -->","yoast_head_json":{"title":"Garantie - Utica Boilers","description":"Chez Utica Boilers, nous garantissons la qualit\u00e9 de nos produits.   Pour cette raison tous nos chaudi\u00e8res sont appuy\u00e9es pas une garantie du manufacturier.","robots":{"index":"index","follow":"follow","max-snippet":"max-snippet:-1","max-image-preview":"max-image-preview:large","max-video-preview":"max-video-preview:-1"},"canonical":"https:\/\/uticaboilers.com\/fr-ca\/documents-pour-le-proprietaire\/garantie\/","og_locale":"fr_CA","og_type":"article","og_title":"Garantie - Utica Boilers","og_description":"Chez Utica Boilers, nous garantissons la qualit\u00e9 de nos produits. Pour cette raison tous nos chaudi\u00e8res sont appuy\u00e9es pas une garantie du manufacturier. Gr\u00e2ce \u00e0 la protection de nos garanties, vous pouvez acqu\u00e9rir une de nos chaudi\u00e8res en toute qui\u00e9tude. Si vous faites l\u2019acquisitions d\u2019une chaudi\u00e8re Utica Boiler, veuillez SVP enregistrer votre achat. Quelques-unes de [&hellip;]","og_url":"https:\/\/uticaboilers.com\/fr-ca\/documents-pour-le-proprietaire\/garantie\/","og_site_name":"Utica Boilers","article_modified_time":"2022-08-06T14:29:38+00:00","twitter_card":"summary_large_image","twitter_misc":{"Estimation du temps de lecture":"1 minute"},"schema":{"@context":"https:\/\/schema.org","@graph":[{"@type":"WebPage","@id":"https:\/\/uticaboilers.com\/fr-ca\/documents-pour-le-proprietaire\/garantie\/","url":"https:\/\/uticaboilers.com\/fr-ca\/documents-pour-le-proprietaire\/garantie\/","name":"Garantie - Utica Boilers","isPartOf":{"@id":"https:\/\/uticaboilers.com\/fr-ca\/#website"},"datePublished":"2022-02-11T14:51:35+00:00","dateModified":"2022-08-06T14:29:38+00:00","breadcrumb":{"@id":"https:\/\/uticaboilers.com\/fr-ca\/documents-pour-le-proprietaire\/garantie\/#breadcrumb"},"inLanguage":"fr-CA","potentialAction":[{"@type":"ReadAction","target":["https:\/\/uticaboilers.com\/fr-ca\/documents-pour-le-proprietaire\/garantie\/"]}]},{"@type":"BreadcrumbList","@id":"https:\/\/uticaboilers.com\/fr-ca\/documents-pour-le-proprietaire\/garantie\/#breadcrumb","itemListElement":[{"@type":"ListItem","position":1,"name":"Documents pour le propri\u00e9taire","item":"https:\/\/uticaboilers.com\/fr-ca\/documents-pour-le-proprietaire\/"},{"@type":"ListItem","position":2,"name":"Garantie"}]},{"@type":"WebSite","@id":"https:\/\/uticaboilers.com\/fr-ca\/#website","url":"https:\/\/uticaboilers.com\/fr-ca\/","name":"Utica Boilers","description":"","publisher":{"@id":"https:\/\/uticaboilers.com\/fr-ca\/#organization"},"potentialAction":[{"@type":"SearchAction","target":{"@type":"EntryPoint","urlTemplate":"https:\/\/uticaboilers.com\/fr-ca\/?s={search_term_string}"},"query-input":"required name=search_term_string"}],"inLanguage":"fr-CA"},{"@type":"Organization","@id":"https:\/\/uticaboilers.com\/fr-ca\/#organization","name":"Utica Boilers","url":"https:\/\/uticaboilers.com\/fr-ca\/","logo":{"@type":"ImageObject","inLanguage":"fr-CA","@id":"https:\/\/uticaboilers.com\/fr-ca\/#\/schema\/logo\/image\/","url":"https:\/\/uticaboilers.com\/wp-content\/uploads\/2022\/04\/Utica-Boilers-Logo-2020.svg","contentUrl":"https:\/\/uticaboilers.com\/wp-content\/uploads\/2022\/04\/Utica-Boilers-Logo-2020.svg","caption":"Utica Boilers"},"image":{"@id":"https:\/\/uticaboilers.com\/fr-ca\/#\/schema\/logo\/image\/"}}]}},"_links":{"self":[{"href":"https:\/\/uticaboilers.com\/fr-ca\/wp-json\/wp\/v2\/pages\/14920","targetHints":{"allow":["GET"]}}],"collection":[{"href":"https:\/\/uticaboilers.com\/fr-ca\/wp-json\/wp\/v2\/pages"}],"about":[{"href":"https:\/\/uticaboilers.com\/fr-ca\/wp-json\/wp\/v2\/types\/page"}],"author":[{"embeddable":true,"href":"https:\/\/uticaboilers.com\/fr-ca\/wp-json\/wp\/v2\/users\/1"}],"replies":[{"embeddable":true,"href":"https:\/\/uticaboilers.com\/fr-ca\/wp-json\/wp\/v2\/comments?post=14920"}],"version-history":[{"count":1,"href":"https:\/\/uticaboilers.com\/fr-ca\/wp-json\/wp\/v2\/pages\/14920\/revisions"}],"predecessor-version":[{"id":14921,"href":"https:\/\/uticaboilers.com\/fr-ca\/wp-json\/wp\/v2\/pages\/14920\/revisions\/14921"}],"up":[{"embeddable":true,"href":"https:\/\/uticaboilers.com\/fr-ca\/wp-json\/wp\/v2\/pages\/14906"}],"wp:attachment":[{"href":"https:\/\/uticaboilers.com\/fr-ca\/wp-json\/wp\/v2\/media?parent=14920"}],"curies":[{"name":"wp","href":"https:\/\/api.w.org\/{rel}","templated":true}]}}