{"id":14918,"date":"2022-02-11T09:54:47","date_gmt":"2022-02-11T14:54:47","guid":{"rendered":"https:\/\/uticaboilers.com\/documents-pour-le-proprietaire\/rabais-et-incitatifs\/"},"modified":"2022-08-05T15:27:30","modified_gmt":"2022-08-05T19:27:30","slug":"rabais-et-incitatifs","status":"publish","type":"page","link":"https:\/\/uticaboilers.com\/fr-ca\/documents-pour-le-proprietaire\/rabais-et-incitatifs\/","title":{"rendered":"Rabais et incitatifs"},"content":{"rendered":"\n<div style=\"height:1px\" aria-hidden=\"true\" class=\"wp-block-spacer\"><\/div>\n\n<h2 class=\"has-text-align-center wp-block-heading\" id=\"take-advantage-and-save-with-programs-in-your-area\"><strong>Profitez des programmes disponibles dans votre r\u00e9gion et \u00e9pargnez.<\/strong><\/h2>\n\n<p class=\"has-text-align-center has-medium-font-size\">\u00c9pargnez des centaines de dollars en b\u00e9n\u00e9ficiant des rabais et incitatifs offerts dans votre r\u00e9gion. TLa base de donner \u00ab\u00a0Database of State Incentives for Renewables &amp; Efficiency<sup>\u00ae\u00a0\u00bb<\/sup>or ou la DSIRE, est le recueille le plus compl\u00e8te des incitatifs et des politiques soutenant la transition vers l\u2019\u00e9nergie renouvelable et l\u2019efficacit\u00e9 \u00e9nerg\u00e9tique aux \u00c9tats-Unis. Pour visualiser les rabais et incitatifs sectionn\u00e9 par \u00e9tat, <a href=\"http:\/\/dsireusa.org\" target=\"_blank\" rel=\"noreferrer noopener\">veuillez cliquer ici pour vous rendre sur dsireusa.org.<\/a><\/p>\n\n<div style=\"height:50px\" aria-hidden=\"true\" class=\"wp-block-spacer\"><\/div>\n\t<section class=\"rebates-special-offers\">\n\t\t<div class=\"row justify-content-center\">\n\t\t\t\t\t\t\t\t\t\t\t\t<div class=\"col-md-6 col-xl-4 mb-4\">\n\t\t\t\t\t\t<div class=\"rebate-special h-100 d-flex flex-column\">\n\t\t\t\t\t\t\t<h3>UGI<\/h3>\n\t\t\t\t\t\t\t<div class=\"description\"><p>Get a $1,500 Combi Boiler Rebate<\/p>\n<p>Purchase and install a 94+ AFUE natural gas combination boiler that heats your home and hot water and receive a $1,500 rebate from UGI.*<\/p>\n<p><em>*Rebates valid for UGI residential gas customers in Pennsylvania who install qualifying residential equipment between November 1, 2019, and September 30, 2024.<\/em><\/p>\n<\/div>\n\t\t\t\t\t\t\t<a class=\"btn btn-primary-outline mt-auto mb-0\" href=\"https:\/\/www.ugi.com\/rebates-for-home\/natural-gas\/combi-boiler\/\" >View Offer <i class=\"fas fa-chevron-right\"><\/i><\/a>\n\t\t\t\t\t\t<\/div>\n\t\t\t\t\t<\/div>\n\t\t\t\t\t\t\t\t\t<div class=\"col-md-6 col-xl-4 mb-4\">\n\t\t\t\t\t\t<div class=\"rebate-special h-100 d-flex flex-column\">\n\t\t\t\t\t\t\t<h3>Mass Save<\/h3>\n\t\t\t\t\t\t\t<div class=\"description\"><p>Mass Save<sup>\u00ae<\/sup> rebates and incentives may be available to homeowners, renters and landlords. Being more energy efficient will pay off with lower energy costs and improved home comfort.<\/p>\n<\/div>\n\t\t\t\t\t\t\t<a class=\"btn btn-primary-outline mt-auto mb-0\" href=\"https:\/\/www.masssave.com\/en\/saving\/residential-rebates\" >View Offer <i class=\"fas fa-chevron-right\"><\/i><\/a>\n\t\t\t\t\t\t<\/div>\n\t\t\t\t\t<\/div>\n\t\t\t\t\t\t\t\t\t<div class=\"col-md-6 col-xl-4 mb-4\">\n\t\t\t\t\t\t<div class=\"rebate-special h-100 d-flex flex-column\">\n\t\t\t\t\t\t\t<h3>New Hampshire Office of Strategic Initiative<\/h3>\n\t\t\t\t\t\t\t<div class=\"description\"><p>The New Hampshire electric and natural gas utilities, in consultation with the\u00a0<a href=\"https:\/\/www.puc.nh.gov\/Electric\/coreenergyefficiencyprograms.htm\">NH Public Utilities Commission<\/a>\u00a0and other interested parties, offer a variety of energy efficiency rebates. Detailed program information can be found on the\u00a0<a href=\"http:\/\/nhsaves.com\/\">NHSaves<\/a>\u00a0website.<\/p>\n<\/div>\n\t\t\t\t\t\t\t<a class=\"btn btn-primary-outline mt-auto mb-0\" href=\"https:\/\/www.nh.gov\/osi\/energy\/saving-energy\/rebates-incentives.htm\" >View Offer <i class=\"fas fa-chevron-right\"><\/i><\/a>\n\t\t\t\t\t\t<\/div>\n\t\t\t\t\t<\/div>\n\t\t\t\t\t\t\t\t\t<div class=\"col-md-6 col-xl-4 mb-4\">\n\t\t\t\t\t\t<div class=\"rebate-special h-100 d-flex flex-column\">\n\t\t\t\t\t\t\t<h3>Rise Engineering<\/h3>\n\t\t\t\t\t\t\t<div class=\"description\"><p>We make energy-efficiency upgrades affordable by helping\u00a0customers take advantage of utility and government incentives and financing. Some financing programs provide eligible utility customers with no-interest or low-interest loans for energy-efficiency investments. Examples include the\u00a0<a href=\"http:\/\/www.masssave.com\/en\/residential\/offers\/heat-loan-program\" target=\"_blank\" rel=\"noopener\">Mass Save<sup>\u00ae\u00a0<\/sup>HEAT Loan Program<\/a>\u00a0and\u00a0<a href=\"http:\/\/www.masssave.com\/en\/business\/services-financing\/financing-for-business\" target=\"_blank\" rel=\"noopener\">Financing for Business Program<\/a>\u00a0and the\u00a0<a href=\"https:\/\/www1.nationalgridus.com\/HeatLoanRI-RI-RES\" target=\"_blank\" rel=\"noopener\">Rhode Island 0% Financing Program<\/a>.<\/p>\n<\/div>\n\t\t\t\t\t\t\t<a class=\"btn btn-primary-outline mt-auto mb-0\" href=\"https:\/\/www.riseengineering.com\/financial-incentives\" >View Offer <i class=\"fas fa-chevron-right\"><\/i><\/a>\n\t\t\t\t\t\t<\/div>\n\t\t\t\t\t<\/div>\n\t\t\t\t\t\t\t\t\t<div class=\"col-md-6 col-xl-4 mb-4\">\n\t\t\t\t\t\t<div class=\"rebate-special h-100 d-flex flex-column\">\n\t\t\t\t\t\t\t<h3>State of Rhode Island Office of Energy Resources<\/h3>\n\t\t\t\t\t\t\t<div class=\"description\"><p>Rhode Island offers many energy programs and incentives for residential customers, businesses and municipalities. Learn more about available funding and financing options to support energy improvements in your home, business or community.<\/p>\n<\/div>\n\t\t\t\t\t\t\t<a class=\"btn btn-primary-outline mt-auto mb-0\" href=\"http:\/\/www.energy.ri.gov\/policies-programs\/programs-incentives\/\" >View Offer <i class=\"fas fa-chevron-right\"><\/i><\/a>\n\t\t\t\t\t\t<\/div>\n\t\t\t\t\t<\/div>\n\t\t\t\t\t\t\t\t\t<div class=\"col-md-6 col-xl-4 mb-4\">\n\t\t\t\t\t\t<div class=\"rebate-special h-100 d-flex flex-column\">\n\t\t\t\t\t\t\t<h3>National Grid<\/h3>\n\t\t\t\t\t\t\t<div class=\"description\"><p>Save up to $1,200 on a natural gas boiler or furnace, then warm up to more savings.<\/p>\n<\/div>\n\t\t\t\t\t\t\t<a class=\"btn btn-primary-outline mt-auto mb-0\" href=\"https:\/\/www.nationalgridus.com\/ProNet\/EE-Programs-Solutions\/Residential-Rebates-Incentives\" >View Offer <i class=\"fas fa-chevron-right\"><\/i><\/a>\n\t\t\t\t\t\t<\/div>\n\t\t\t\t\t<\/div>\n\t\t\t\t\t\t\t\t\t<div class=\"col-md-6 col-xl-4 mb-4\">\n\t\t\t\t\t\t<div class=\"rebate-special h-100 d-flex flex-column\">\n\t\t\t\t\t\t\t<h3>Elizabethtown Gas<\/h3>\n\t\t\t\t\t\t\t<div class=\"description\"><p>Go green and save green with energySMART! Take advantage of energySMART rebates, along with New Jersey&rsquo;s Clean Energy rebates.<\/p>\n<\/div>\n\t\t\t\t\t\t\t<a class=\"btn btn-primary-outline mt-auto mb-0\" href=\"http:\/\/www.elizabethtowngas.com\/\" >View Offer <i class=\"fas fa-chevron-right\"><\/i><\/a>\n\t\t\t\t\t\t<\/div>\n\t\t\t\t\t<\/div>\n\t\t\t\t\t\t\t\t\t<div class=\"col-md-6 col-xl-4 mb-4\">\n\t\t\t\t\t\t<div class=\"rebate-special h-100 d-flex flex-column\">\n\t\t\t\t\t\t\t<h3>Yukon &#8211; Good Energy Rebate Program &#8211; CANADA ONLY<\/h3>\n\t\t\t\t\t\t\t<div class=\"description\"><p>Rebates for boilers 95% AFUE and above.<\/p>\n<\/div>\n\t\t\t\t\t\t\t<a class=\"btn btn-primary-outline mt-auto mb-0\" href=\"http:\/\/goodenergyyukon.ca\/appliances\" >View Offer <i class=\"fas fa-chevron-right\"><\/i><\/a>\n\t\t\t\t\t\t<\/div>\n\t\t\t\t\t<\/div>\n\t\t\t\t\t\t\t\t\t<div class=\"col-md-6 col-xl-4 mb-4\">\n\t\t\t\t\t\t<div class=\"rebate-special h-100 d-flex flex-column\">\n\t\t\t\t\t\t\t<h3>Quebec &#8211; RenoVert Tax Credit Program &#8211; CANADA ONLY<\/h3>\n\t\t\t\t\t\t\t<div class=\"description\"><p>The program is a\u00a0refundable\u00a0tax credit for eco-friendly home renovations that is intended for individuals who have a qualified contractor carry out recognized eco-friendly renovation work on their principal place of residence or a winterized cottage they normally occupy. Applies to boilers and water heater installs.<\/p>\n<\/div>\n\t\t\t\t\t\t\t<a class=\"btn btn-primary-outline mt-auto mb-0\" href=\"https:\/\/geosmartenergy.com\/quebec-renovert-20-tax-credit\/\" >View Offer <i class=\"fas fa-chevron-right\"><\/i><\/a>\n\t\t\t\t\t\t<\/div>\n\t\t\t\t\t<\/div>\n\t\t\t\t\t\t\t\t\t<div class=\"col-md-6 col-xl-4 mb-4\">\n\t\t\t\t\t\t<div class=\"rebate-special h-100 d-flex flex-column\">\n\t\t\t\t\t\t\t<h3>Union Gas Rebates &#8211; CANADA ONLY<\/h3>\n\t\t\t\t\t\t\t<div class=\"description\"><p>Rebates in Canada for high efficiency boilers and water heaters.<\/p>\n<\/div>\n\t\t\t\t\t\t\t<a class=\"btn btn-primary-outline mt-auto mb-0\" href=\"https:\/\/www.uniongas.com\/residential\/save-money-energy\/rebates-promotions\/home-reno\" >View Offer <i class=\"fas fa-chevron-right\"><\/i><\/a>\n\t\t\t\t\t\t<\/div>\n\t\t\t\t\t<\/div>\n\t\t\t\t\t\t\t\t\t<div class=\"col-md-6 col-xl-4 mb-4\">\n\t\t\t\t\t\t<div class=\"rebate-special h-100 d-flex flex-column\">\n\t\t\t\t\t\t\t<h3>Prince Edward Island Equipment Upgrade Rebates &#8211; CANADA ONLY<\/h3>\n\t\t\t\t\t\t\t<div class=\"description\"><p>Rebates in Canada for high efficiency boilers and water heaters.<\/p>\n<\/div>\n\t\t\t\t\t\t\t<a class=\"btn btn-primary-outline mt-auto mb-0\" href=\"https:\/\/www.princeedwardisland.ca\/en\/information\/transportation-infrastructure-and-energy\/equipment-upgrade-rebate\" >View Offer <i class=\"fas fa-chevron-right\"><\/i><\/a>\n\t\t\t\t\t\t<\/div>\n\t\t\t\t\t<\/div>\n\t\t\t\t\t\t\t\t\t<div class=\"col-md-6 col-xl-4 mb-4\">\n\t\t\t\t\t\t<div class=\"rebate-special h-100 d-flex flex-column\">\n\t\t\t\t\t\t\t<h3>Gaz Metro High Efficiency Grants &#8211; CANADA ONLY<\/h3>\n\t\t\t\t\t\t\t<div class=\"description\"><p>Grants for high efficiency condensing boilers and tankless water heaters.<\/p>\n<\/div>\n\t\t\t\t\t\t\t<a class=\"btn btn-primary-outline mt-auto mb-0\" href=\"https:\/\/www.energir.com\/en\/business\/grants\/energy-efficiency-programs\/\" >View Offer <i class=\"fas fa-chevron-right\"><\/i><\/a>\n\t\t\t\t\t\t<\/div>\n\t\t\t\t\t<\/div>\n\t\t\t\t\t\t\t\t\t<div class=\"col-md-6 col-xl-4 mb-4\">\n\t\t\t\t\t\t<div class=\"rebate-special h-100 d-flex flex-column\">\n\t\t\t\t\t\t\t<h3>FortisBC Rebate Programs &#8211; CANADA ONLY<\/h3>\n\t\t\t\t\t\t\t<div class=\"description\"><p>Rebates in Canada for water heaters and natural gas boiler replacements<\/p>\n<\/div>\n\t\t\t\t\t\t\t<a class=\"btn btn-primary-outline mt-auto mb-0\" href=\"https:\/\/www.fortisbc.com\/Rebates\/RebatesOffers\/Pages\/default.aspx\" >View Offer <i class=\"fas fa-chevron-right\"><\/i><\/a>\n\t\t\t\t\t\t<\/div>\n\t\t\t\t\t<\/div>\n\t\t\t\t\t\t\t\t\t<div class=\"col-md-6 col-xl-4 mb-4\">\n\t\t\t\t\t\t<div class=\"rebate-special h-100 d-flex flex-column\">\n\t\t\t\t\t\t\t<h3>Arctic Energy Alliance &#8211; Energy Efficiency Incentive Program &#8211; CANADA ONLY<\/h3>\n\t\t\t\t\t\t\t<div class=\"description\"><p>For natural gas and propane boilers 95% AFUE and beyond, as well as water heaters with Energy Star efficiency above 0.92.<\/p>\n<\/div>\n\t\t\t\t\t\t\t<a class=\"btn btn-primary-outline mt-auto mb-0\" href=\"http:\/\/aea.nt.ca\/programs\/energy-efficiency-incentive-program\" >View Offer <i class=\"fas fa-chevron-right\"><\/i><\/a>\n\t\t\t\t\t\t<\/div>\n\t\t\t\t\t<\/div>\n\t\t\t\t\t\t\t\t\t<\/div><!--\/row-->\n\t<\/section>\n","protected":false},"excerpt":{"rendered":"<p>Profitez des programmes disponibles dans votre r\u00e9gion et \u00e9pargnez. \u00c9pargnez des centaines de dollars en b\u00e9n\u00e9ficiant des rabais et incitatifs offerts dans votre r\u00e9gion. TLa base de donner \u00ab\u00a0Database of State Incentives for Renewables &amp; Efficiency\u00ae\u00a0\u00bbor ou la DSIRE, est le recueille le plus compl\u00e8te des incitatifs et des politiques soutenant la transition vers l\u2019\u00e9nergie [&hellip;]<\/p>\n","protected":false},"author":1,"featured_media":0,"parent":14906,"menu_order":0,"comment_status":"closed","ping_status":"closed","template":"","meta":{"_acf_changed":false,"footnotes":""},"class_list":{"0":"post-14918","1":"page","2":"type-page","3":"status-publish","5":"nebula-entry","6":"date-day-vendredi","7":"date-ymd-2022-02-11","8":"date-month-f\u00e9vrier","9":"author-id-1","10":"multi-author"},"acf":[],"yoast_head":"<!-- This site is optimized with the Yoast SEO plugin v22.1 - https:\/\/yoast.com\/wordpress\/plugins\/seo\/ -->\n<title>Rabais et incitatifs - Utica Boilers<\/title>\n<meta name=\"description\" content=\"Profitez des programmes disponibles dans votre r\u00e9gion et \u00e9pargnez.\" \/>\n<meta name=\"robots\" content=\"index, follow, max-snippet:-1, max-image-preview:large, max-video-preview:-1\" \/>\n<link rel=\"canonical\" href=\"https:\/\/uticaboilers.com\/fr-ca\/documents-pour-le-proprietaire\/rabais-et-incitatifs\/\" \/>\n<meta property=\"og:locale\" content=\"fr_CA\" \/>\n<meta property=\"og:type\" content=\"article\" \/>\n<meta property=\"og:title\" content=\"Rabais et incitatifs - Utica Boilers\" \/>\n<meta property=\"og:description\" content=\"Profitez des programmes disponibles dans votre r\u00e9gion et \u00e9pargnez. \u00c9pargnez des centaines de dollars en b\u00e9n\u00e9ficiant des rabais et incitatifs offerts dans votre r\u00e9gion. TLa base de donner \u00ab\u00a0Database of State Incentives for Renewables &amp; Efficiency\u00ae\u00a0\u00bbor ou la DSIRE, est le recueille le plus compl\u00e8te des incitatifs et des politiques soutenant la transition vers l\u2019\u00e9nergie [&hellip;]\" \/>\n<meta property=\"og:url\" content=\"https:\/\/uticaboilers.com\/fr-ca\/documents-pour-le-proprietaire\/rabais-et-incitatifs\/\" \/>\n<meta property=\"og:site_name\" content=\"Utica Boilers\" \/>\n<meta property=\"article:modified_time\" content=\"2022-08-05T19:27:30+00:00\" \/>\n<meta name=\"twitter:card\" content=\"summary_large_image\" \/>\n<script type=\"application\/ld+json\" class=\"yoast-schema-graph\">{\"@context\":\"https:\/\/schema.org\",\"@graph\":[{\"@type\":\"WebPage\",\"@id\":\"https:\/\/uticaboilers.com\/fr-ca\/documents-pour-le-proprietaire\/rabais-et-incitatifs\/\",\"url\":\"https:\/\/uticaboilers.com\/fr-ca\/documents-pour-le-proprietaire\/rabais-et-incitatifs\/\",\"name\":\"Rabais et incitatifs - Utica Boilers\",\"isPartOf\":{\"@id\":\"https:\/\/uticaboilers.com\/fr-ca\/#website\"},\"datePublished\":\"2022-02-11T14:54:47+00:00\",\"dateModified\":\"2022-08-05T19:27:30+00:00\",\"breadcrumb\":{\"@id\":\"https:\/\/uticaboilers.com\/fr-ca\/documents-pour-le-proprietaire\/rabais-et-incitatifs\/#breadcrumb\"},\"inLanguage\":\"fr-CA\",\"potentialAction\":[{\"@type\":\"ReadAction\",\"target\":[\"https:\/\/uticaboilers.com\/fr-ca\/documents-pour-le-proprietaire\/rabais-et-incitatifs\/\"]}]},{\"@type\":\"BreadcrumbList\",\"@id\":\"https:\/\/uticaboilers.com\/fr-ca\/documents-pour-le-proprietaire\/rabais-et-incitatifs\/#breadcrumb\",\"itemListElement\":[{\"@type\":\"ListItem\",\"position\":1,\"name\":\"Documents pour le propri\u00e9taire\",\"item\":\"https:\/\/uticaboilers.com\/fr-ca\/documents-pour-le-proprietaire\/\"},{\"@type\":\"ListItem\",\"position\":2,\"name\":\"Rabais et incitatifs\"}]},{\"@type\":\"WebSite\",\"@id\":\"https:\/\/uticaboilers.com\/fr-ca\/#website\",\"url\":\"https:\/\/uticaboilers.com\/fr-ca\/\",\"name\":\"Utica Boilers\",\"description\":\"\",\"publisher\":{\"@id\":\"https:\/\/uticaboilers.com\/fr-ca\/#organization\"},\"potentialAction\":[{\"@type\":\"SearchAction\",\"target\":{\"@type\":\"EntryPoint\",\"urlTemplate\":\"https:\/\/uticaboilers.com\/fr-ca\/?s={search_term_string}\"},\"query-input\":\"required name=search_term_string\"}],\"inLanguage\":\"fr-CA\"},{\"@type\":\"Organization\",\"@id\":\"https:\/\/uticaboilers.com\/fr-ca\/#organization\",\"name\":\"Utica Boilers\",\"url\":\"https:\/\/uticaboilers.com\/fr-ca\/\",\"logo\":{\"@type\":\"ImageObject\",\"inLanguage\":\"fr-CA\",\"@id\":\"https:\/\/uticaboilers.com\/fr-ca\/#\/schema\/logo\/image\/\",\"url\":\"https:\/\/uticaboilers.com\/wp-content\/uploads\/2022\/04\/Utica-Boilers-Logo-2020.svg\",\"contentUrl\":\"https:\/\/uticaboilers.com\/wp-content\/uploads\/2022\/04\/Utica-Boilers-Logo-2020.svg\",\"caption\":\"Utica Boilers\"},\"image\":{\"@id\":\"https:\/\/uticaboilers.com\/fr-ca\/#\/schema\/logo\/image\/\"}}]}<\/script>\n<!-- \/ Yoast SEO plugin. -->","yoast_head_json":{"title":"Rabais et incitatifs - Utica Boilers","description":"Profitez des programmes disponibles dans votre r\u00e9gion et \u00e9pargnez.","robots":{"index":"index","follow":"follow","max-snippet":"max-snippet:-1","max-image-preview":"max-image-preview:large","max-video-preview":"max-video-preview:-1"},"canonical":"https:\/\/uticaboilers.com\/fr-ca\/documents-pour-le-proprietaire\/rabais-et-incitatifs\/","og_locale":"fr_CA","og_type":"article","og_title":"Rabais et incitatifs - Utica Boilers","og_description":"Profitez des programmes disponibles dans votre r\u00e9gion et \u00e9pargnez. \u00c9pargnez des centaines de dollars en b\u00e9n\u00e9ficiant des rabais et incitatifs offerts dans votre r\u00e9gion. TLa base de donner \u00ab\u00a0Database of State Incentives for Renewables &amp; Efficiency\u00ae\u00a0\u00bbor ou la DSIRE, est le recueille le plus compl\u00e8te des incitatifs et des politiques soutenant la transition vers l\u2019\u00e9nergie [&hellip;]","og_url":"https:\/\/uticaboilers.com\/fr-ca\/documents-pour-le-proprietaire\/rabais-et-incitatifs\/","og_site_name":"Utica Boilers","article_modified_time":"2022-08-05T19:27:30+00:00","twitter_card":"summary_large_image","schema":{"@context":"https:\/\/schema.org","@graph":[{"@type":"WebPage","@id":"https:\/\/uticaboilers.com\/fr-ca\/documents-pour-le-proprietaire\/rabais-et-incitatifs\/","url":"https:\/\/uticaboilers.com\/fr-ca\/documents-pour-le-proprietaire\/rabais-et-incitatifs\/","name":"Rabais et incitatifs - Utica Boilers","isPartOf":{"@id":"https:\/\/uticaboilers.com\/fr-ca\/#website"},"datePublished":"2022-02-11T14:54:47+00:00","dateModified":"2022-08-05T19:27:30+00:00","breadcrumb":{"@id":"https:\/\/uticaboilers.com\/fr-ca\/documents-pour-le-proprietaire\/rabais-et-incitatifs\/#breadcrumb"},"inLanguage":"fr-CA","potentialAction":[{"@type":"ReadAction","target":["https:\/\/uticaboilers.com\/fr-ca\/documents-pour-le-proprietaire\/rabais-et-incitatifs\/"]}]},{"@type":"BreadcrumbList","@id":"https:\/\/uticaboilers.com\/fr-ca\/documents-pour-le-proprietaire\/rabais-et-incitatifs\/#breadcrumb","itemListElement":[{"@type":"ListItem","position":1,"name":"Documents pour le propri\u00e9taire","item":"https:\/\/uticaboilers.com\/fr-ca\/documents-pour-le-proprietaire\/"},{"@type":"ListItem","position":2,"name":"Rabais et incitatifs"}]},{"@type":"WebSite","@id":"https:\/\/uticaboilers.com\/fr-ca\/#website","url":"https:\/\/uticaboilers.com\/fr-ca\/","name":"Utica Boilers","description":"","publisher":{"@id":"https:\/\/uticaboilers.com\/fr-ca\/#organization"},"potentialAction":[{"@type":"SearchAction","target":{"@type":"EntryPoint","urlTemplate":"https:\/\/uticaboilers.com\/fr-ca\/?s={search_term_string}"},"query-input":"required name=search_term_string"}],"inLanguage":"fr-CA"},{"@type":"Organization","@id":"https:\/\/uticaboilers.com\/fr-ca\/#organization","name":"Utica Boilers","url":"https:\/\/uticaboilers.com\/fr-ca\/","logo":{"@type":"ImageObject","inLanguage":"fr-CA","@id":"https:\/\/uticaboilers.com\/fr-ca\/#\/schema\/logo\/image\/","url":"https:\/\/uticaboilers.com\/wp-content\/uploads\/2022\/04\/Utica-Boilers-Logo-2020.svg","contentUrl":"https:\/\/uticaboilers.com\/wp-content\/uploads\/2022\/04\/Utica-Boilers-Logo-2020.svg","caption":"Utica Boilers"},"image":{"@id":"https:\/\/uticaboilers.com\/fr-ca\/#\/schema\/logo\/image\/"}}]}},"_links":{"self":[{"href":"https:\/\/uticaboilers.com\/fr-ca\/wp-json\/wp\/v2\/pages\/14918","targetHints":{"allow":["GET"]}}],"collection":[{"href":"https:\/\/uticaboilers.com\/fr-ca\/wp-json\/wp\/v2\/pages"}],"about":[{"href":"https:\/\/uticaboilers.com\/fr-ca\/wp-json\/wp\/v2\/types\/page"}],"author":[{"embeddable":true,"href":"https:\/\/uticaboilers.com\/fr-ca\/wp-json\/wp\/v2\/users\/1"}],"replies":[{"embeddable":true,"href":"https:\/\/uticaboilers.com\/fr-ca\/wp-json\/wp\/v2\/comments?post=14918"}],"version-history":[{"count":1,"href":"https:\/\/uticaboilers.com\/fr-ca\/wp-json\/wp\/v2\/pages\/14918\/revisions"}],"predecessor-version":[{"id":14919,"href":"https:\/\/uticaboilers.com\/fr-ca\/wp-json\/wp\/v2\/pages\/14918\/revisions\/14919"}],"up":[{"embeddable":true,"href":"https:\/\/uticaboilers.com\/fr-ca\/wp-json\/wp\/v2\/pages\/14906"}],"wp:attachment":[{"href":"https:\/\/uticaboilers.com\/fr-ca\/wp-json\/wp\/v2\/media?parent=14918"}],"curies":[{"name":"wp","href":"https:\/\/api.w.org\/{rel}","templated":true}]}}