{"id":14896,"date":"2022-02-24T12:22:20","date_gmt":"2022-02-24T17:22:20","guid":{"rendered":"https:\/\/uticaboilers.com\/carieres\/"},"modified":"2022-07-27T16:16:27","modified_gmt":"2022-07-27T20:16:27","slug":"carieres","status":"publish","type":"page","link":"https:\/\/uticaboilers.com\/fr-ca\/carieres\/","title":{"rendered":"Cari\u00e8res"},"content":{"rendered":"\n<p>Chez ECR International Inc., notre but est d\u2019avoir un impact le plus positif possible sur nos clients, la soci\u00e9t\u00e9 et l\u2019environnement; nous voulons devenir le chef de file au niveau du service et des \u00e9quipements de chauffage et de climatisation. Nous sommes bien plus qu\u2019une famille de marques de chauffage et de climatisation, mais plut\u00f4t une famille d\u2019employ\u00e9s \u0153uvrant vers un but commun. Si vous d\u00e9sirez vous joindre a la famille ECR, nous vous invitons \u00e0 nous transmettre votre CV. Cliquez ici pour envoyer: <a href=\"mailto:ecrcareers@ecrinternational.com\" target=\"_blank\" rel=\"noreferrer noopener\">Carri\u00e8re<\/a><\/p>\n\n<p>Chez ECR International, nous soutenons l&rsquo;\u00e9galit\u00e9 de l\u2019acc\u00e8s \u00e0 l&#8217;emploi, et accueillons favorablement les CV de toutes personnes qualifi\u00e9es. Toutes candidatures sont consid\u00e9r\u00e9es sans tenir compte de l\u2019\u00e2ge, de la nationalit\u00e9, des croyances religieuses, du genre, de l\u2019orientation sexuel ou d\u2019handicaps.<\/p>\n\t","protected":false},"excerpt":{"rendered":"<p>Chez ECR International Inc., notre but est d\u2019avoir un impact le plus positif possible sur nos clients, la soci\u00e9t\u00e9 et l\u2019environnement; nous voulons devenir le chef de file au niveau du service et des \u00e9quipements de chauffage et de climatisation. Nous sommes bien plus qu\u2019une famille de marques de chauffage et de climatisation, mais plut\u00f4t [&hellip;]<\/p>\n","protected":false},"author":1,"featured_media":0,"parent":0,"menu_order":0,"comment_status":"closed","ping_status":"closed","template":"","meta":{"_acf_changed":false,"footnotes":""},"class_list":{"0":"post-14896","1":"page","2":"type-page","3":"status-publish","5":"nebula-entry","6":"date-day-jeudi","7":"date-ymd-2022-02-24","8":"date-month-f\u00e9vrier","9":"author-id-1","10":"multi-author"},"acf":[],"yoast_head":"<!-- This site is optimized with the Yoast SEO plugin v22.1 - https:\/\/yoast.com\/wordpress\/plugins\/seo\/ -->\n<title>Cari\u00e8res - Utica Boilers<\/title>\n<meta name=\"description\" content=\"Chez ECR International Inc., notre but est d\u2019avoir un impact le plus positif possible sur nos clients, la soci\u00e9t\u00e9 et l\u2019environnement; nous voulons devenir\" \/>\n<meta name=\"robots\" content=\"index, follow, max-snippet:-1, max-image-preview:large, max-video-preview:-1\" \/>\n<link rel=\"canonical\" href=\"https:\/\/uticaboilers.com\/fr-ca\/carieres\/\" \/>\n<meta property=\"og:locale\" content=\"fr_CA\" \/>\n<meta property=\"og:type\" content=\"article\" \/>\n<meta property=\"og:title\" content=\"Cari\u00e8res - Utica Boilers\" \/>\n<meta property=\"og:description\" content=\"Chez ECR International Inc., notre but est d\u2019avoir un impact le plus positif possible sur nos clients, la soci\u00e9t\u00e9 et l\u2019environnement; nous voulons devenir le chef de file au niveau du service et des \u00e9quipements de chauffage et de climatisation. Nous sommes bien plus qu\u2019une famille de marques de chauffage et de climatisation, mais plut\u00f4t [&hellip;]\" \/>\n<meta property=\"og:url\" content=\"https:\/\/uticaboilers.com\/fr-ca\/carieres\/\" \/>\n<meta property=\"og:site_name\" content=\"Utica Boilers\" \/>\n<meta property=\"article:modified_time\" content=\"2022-07-27T20:16:27+00:00\" \/>\n<meta name=\"twitter:card\" content=\"summary_large_image\" \/>\n<meta name=\"twitter:label1\" content=\"Estimation du temps de lecture\" \/>\n\t<meta name=\"twitter:data1\" content=\"1 minute\" \/>\n<script type=\"application\/ld+json\" class=\"yoast-schema-graph\">{\"@context\":\"https:\/\/schema.org\",\"@graph\":[{\"@type\":\"WebPage\",\"@id\":\"https:\/\/uticaboilers.com\/fr-ca\/carieres\/\",\"url\":\"https:\/\/uticaboilers.com\/fr-ca\/carieres\/\",\"name\":\"Cari\u00e8res - Utica Boilers\",\"isPartOf\":{\"@id\":\"https:\/\/uticaboilers.com\/fr-ca\/#website\"},\"datePublished\":\"2022-02-24T17:22:20+00:00\",\"dateModified\":\"2022-07-27T20:16:27+00:00\",\"inLanguage\":\"fr-CA\",\"potentialAction\":[{\"@type\":\"ReadAction\",\"target\":[\"https:\/\/uticaboilers.com\/fr-ca\/carieres\/\"]}]},{\"@type\":\"WebSite\",\"@id\":\"https:\/\/uticaboilers.com\/fr-ca\/#website\",\"url\":\"https:\/\/uticaboilers.com\/fr-ca\/\",\"name\":\"Utica Boilers\",\"description\":\"\",\"publisher\":{\"@id\":\"https:\/\/uticaboilers.com\/fr-ca\/#organization\"},\"potentialAction\":[{\"@type\":\"SearchAction\",\"target\":{\"@type\":\"EntryPoint\",\"urlTemplate\":\"https:\/\/uticaboilers.com\/fr-ca\/?s={search_term_string}\"},\"query-input\":\"required name=search_term_string\"}],\"inLanguage\":\"fr-CA\"},{\"@type\":\"Organization\",\"@id\":\"https:\/\/uticaboilers.com\/fr-ca\/#organization\",\"name\":\"Utica Boilers\",\"url\":\"https:\/\/uticaboilers.com\/fr-ca\/\",\"logo\":{\"@type\":\"ImageObject\",\"inLanguage\":\"fr-CA\",\"@id\":\"https:\/\/uticaboilers.com\/fr-ca\/#\/schema\/logo\/image\/\",\"url\":\"https:\/\/uticaboilers.com\/wp-content\/uploads\/2022\/04\/Utica-Boilers-Logo-2020.svg\",\"contentUrl\":\"https:\/\/uticaboilers.com\/wp-content\/uploads\/2022\/04\/Utica-Boilers-Logo-2020.svg\",\"caption\":\"Utica Boilers\"},\"image\":{\"@id\":\"https:\/\/uticaboilers.com\/fr-ca\/#\/schema\/logo\/image\/\"}}]}<\/script>\n<!-- \/ Yoast SEO plugin. -->","yoast_head_json":{"title":"Cari\u00e8res - Utica Boilers","description":"Chez ECR International Inc., notre but est d\u2019avoir un impact le plus positif possible sur nos clients, la soci\u00e9t\u00e9 et l\u2019environnement; nous voulons devenir","robots":{"index":"index","follow":"follow","max-snippet":"max-snippet:-1","max-image-preview":"max-image-preview:large","max-video-preview":"max-video-preview:-1"},"canonical":"https:\/\/uticaboilers.com\/fr-ca\/carieres\/","og_locale":"fr_CA","og_type":"article","og_title":"Cari\u00e8res - Utica Boilers","og_description":"Chez ECR International Inc., notre but est d\u2019avoir un impact le plus positif possible sur nos clients, la soci\u00e9t\u00e9 et l\u2019environnement; nous voulons devenir le chef de file au niveau du service et des \u00e9quipements de chauffage et de climatisation. Nous sommes bien plus qu\u2019une famille de marques de chauffage et de climatisation, mais plut\u00f4t [&hellip;]","og_url":"https:\/\/uticaboilers.com\/fr-ca\/carieres\/","og_site_name":"Utica Boilers","article_modified_time":"2022-07-27T20:16:27+00:00","twitter_card":"summary_large_image","twitter_misc":{"Estimation du temps de lecture":"1 minute"},"schema":{"@context":"https:\/\/schema.org","@graph":[{"@type":"WebPage","@id":"https:\/\/uticaboilers.com\/fr-ca\/carieres\/","url":"https:\/\/uticaboilers.com\/fr-ca\/carieres\/","name":"Cari\u00e8res - Utica Boilers","isPartOf":{"@id":"https:\/\/uticaboilers.com\/fr-ca\/#website"},"datePublished":"2022-02-24T17:22:20+00:00","dateModified":"2022-07-27T20:16:27+00:00","inLanguage":"fr-CA","potentialAction":[{"@type":"ReadAction","target":["https:\/\/uticaboilers.com\/fr-ca\/carieres\/"]}]},{"@type":"WebSite","@id":"https:\/\/uticaboilers.com\/fr-ca\/#website","url":"https:\/\/uticaboilers.com\/fr-ca\/","name":"Utica Boilers","description":"","publisher":{"@id":"https:\/\/uticaboilers.com\/fr-ca\/#organization"},"potentialAction":[{"@type":"SearchAction","target":{"@type":"EntryPoint","urlTemplate":"https:\/\/uticaboilers.com\/fr-ca\/?s={search_term_string}"},"query-input":"required name=search_term_string"}],"inLanguage":"fr-CA"},{"@type":"Organization","@id":"https:\/\/uticaboilers.com\/fr-ca\/#organization","name":"Utica Boilers","url":"https:\/\/uticaboilers.com\/fr-ca\/","logo":{"@type":"ImageObject","inLanguage":"fr-CA","@id":"https:\/\/uticaboilers.com\/fr-ca\/#\/schema\/logo\/image\/","url":"https:\/\/uticaboilers.com\/wp-content\/uploads\/2022\/04\/Utica-Boilers-Logo-2020.svg","contentUrl":"https:\/\/uticaboilers.com\/wp-content\/uploads\/2022\/04\/Utica-Boilers-Logo-2020.svg","caption":"Utica Boilers"},"image":{"@id":"https:\/\/uticaboilers.com\/fr-ca\/#\/schema\/logo\/image\/"}}]}},"_links":{"self":[{"href":"https:\/\/uticaboilers.com\/fr-ca\/wp-json\/wp\/v2\/pages\/14896","targetHints":{"allow":["GET"]}}],"collection":[{"href":"https:\/\/uticaboilers.com\/fr-ca\/wp-json\/wp\/v2\/pages"}],"about":[{"href":"https:\/\/uticaboilers.com\/fr-ca\/wp-json\/wp\/v2\/types\/page"}],"author":[{"embeddable":true,"href":"https:\/\/uticaboilers.com\/fr-ca\/wp-json\/wp\/v2\/users\/1"}],"replies":[{"embeddable":true,"href":"https:\/\/uticaboilers.com\/fr-ca\/wp-json\/wp\/v2\/comments?post=14896"}],"version-history":[{"count":1,"href":"https:\/\/uticaboilers.com\/fr-ca\/wp-json\/wp\/v2\/pages\/14896\/revisions"}],"predecessor-version":[{"id":14897,"href":"https:\/\/uticaboilers.com\/fr-ca\/wp-json\/wp\/v2\/pages\/14896\/revisions\/14897"}],"wp:attachment":[{"href":"https:\/\/uticaboilers.com\/fr-ca\/wp-json\/wp\/v2\/media?parent=14896"}],"curies":[{"name":"wp","href":"https:\/\/api.w.org\/{rel}","templated":true}]}}